{"id":321,"date":"2025-03-31T21:32:19","date_gmt":"2025-03-31T19:32:19","guid":{"rendered":"https:\/\/insurtechgt.com\/?page_id=321"},"modified":"2025-04-24T23:58:39","modified_gmt":"2025-04-24T21:58:39","slug":"inicio-2","status":"publish","type":"page","link":"https:\/\/insurtechgt.com\/","title":{"rendered":"Inicio"},"content":{"rendered":"\t\t<div data-elementor-type=\"wp-page\" data-elementor-id=\"321\" class=\"elementor elementor-321\" data-elementor-post-type=\"page\">\n\t\t\t\t<div class=\"elementor-element elementor-element-61dae21 e-flex e-con-boxed e-con e-parent\" data-id=\"61dae21\" data-element_type=\"container\" data-settings=\"{&quot;background_background&quot;:&quot;classic&quot;,&quot;shape_divider_bottom&quot;:&quot;tilt&quot;}\">\n\t\t\t\t\t<div class=\"e-con-inner\">\n\t\t\t\t<div class=\"elementor-shape elementor-shape-bottom\" data-negative=\"false\">\n\t\t\t<svg xmlns=\"http:\/\/www.w3.org\/2000\/svg\" viewBox=\"0 0 1000 100\" preserveAspectRatio=\"none\">\n\t<path class=\"elementor-shape-fill\" d=\"M0,6V0h1000v100L0,6z\"\/>\n<\/svg>\t\t<\/div>\n\t\t<div class=\"elementor-element elementor-element-24b091be animated-slow e-con-full e-flex elementor-invisible e-con e-child\" data-id=\"24b091be\" data-element_type=\"container\" data-settings=\"{&quot;animation&quot;:&quot;fadeInLeft&quot;}\">\n\t\t\t\t<div class=\"elementor-element elementor-element-91f183e elementor-widget elementor-widget-image\" data-id=\"91f183e\" data-element_type=\"widget\" data-widget_type=\"image.default\">\n\t\t\t\t<div class=\"elementor-widget-container\">\n\t\t\t\t\t\t\t\t\t\t\t\t\t\t\t<img decoding=\"async\" src=\"https:\/\/insurtechgt.com\/wp-content\/uploads\/2025\/03\/Logo-InsureTech_Mesa-de-trabajo-1-copia-2-1.png\" title=\"Logo InsureTech_Mesa de trabajo 1 copia 2\" alt=\"Logo InsureTech_Mesa de trabajo 1 copia 2\" loading=\"lazy\" \/>\t\t\t\t\t\t\t\t\t\t\t\t\t\t\t<\/div>\n\t\t\t\t<\/div>\n\t\t\t\t<div class=\"elementor-element elementor-element-2d72facb elementor-widget elementor-widget-heading\" data-id=\"2d72facb\" data-element_type=\"widget\" data-widget_type=\"heading.default\">\n\t\t\t\t<div class=\"elementor-widget-container\">\n\t\t\t\t\t<h1 class=\"elementor-heading-title elementor-size-default\">Impulsando el Futuro del InsurTech en Guatemala<\/h1>\t\t\t\t<\/div>\n\t\t\t\t<\/div>\n\t\t\t\t<div class=\"elementor-element elementor-element-2a45ce1 elementor-widget__width-initial elementor-widget elementor-widget-text-editor\" data-id=\"2a45ce1\" data-element_type=\"widget\" data-widget_type=\"text-editor.default\">\n\t\t\t\t<div class=\"elementor-widget-container\">\n\t\t\t\t\t\t\t\t\t<strong>Somos l\u00edderes en innovaci\u00f3n aseguradora, conectando startups locales con inversores y oportunidades estrat\u00e9gicas en Guatemala.<\/strong>\t\t\t\t\t\t\t\t<\/div>\n\t\t\t\t<\/div>\n\t\t\t\t<div class=\"elementor-element elementor-element-a640fbb elementor-widget elementor-widget-heading\" data-id=\"a640fbb\" data-element_type=\"widget\" data-widget_type=\"heading.default\">\n\t\t\t\t<div class=\"elementor-widget-container\">\n\t\t\t\t\t<h1 class=\"elementor-heading-title elementor-size-default\">InsurTech Startup Competition<\/h1>\t\t\t\t<\/div>\n\t\t\t\t<\/div>\n\t\t\t\t<div class=\"elementor-element elementor-element-5fbd7c32 elementor-widget__width-initial elementor-widget elementor-widget-text-editor\" data-id=\"5fbd7c32\" data-element_type=\"widget\" data-widget_type=\"text-editor.default\">\n\t\t\t\t<div class=\"elementor-widget-container\">\n\t\t\t\t\t\t\t\t\t<p><strong>\u00bfTienes una soluci\u00f3n innovadora y tecnol\u00f3gica para revolucionar la industria aseguradora?<\/strong><br \/>\u00a1Post\u00falate ahora y lleva tu startup al siguiente nivel!<\/p>\t\t\t\t\t\t\t\t<\/div>\n\t\t\t\t<\/div>\n\t\t\t\t<div class=\"elementor-element elementor-element-6d57777c elementor-align-center elementor-widget elementor-widget-button\" data-id=\"6d57777c\" data-element_type=\"widget\" data-widget_type=\"button.default\">\n\t\t\t\t<div class=\"elementor-widget-container\">\n\t\t\t\t\t\t\t\t\t<div class=\"elementor-button-wrapper\">\n\t\t\t\t\t<a class=\"elementor-button elementor-button-link elementor-size-sm elementor-animation-float\" href=\"#formulario\">\n\t\t\t\t\t\t<span class=\"elementor-button-content-wrapper\">\n\t\t\t\t\t\t<span class=\"elementor-button-icon\">\n\t\t\t\t<i aria-hidden=\"true\" class=\"rtmicon-thin rtmicon-square-arrow-right\"><\/i>\t\t\t<\/span>\n\t\t\t\t\t\t\t\t\t<span class=\"elementor-button-text\">M\u00e1s informaci\u00f3n<\/span>\n\t\t\t\t\t<\/span>\n\t\t\t\t\t<\/a>\n\t\t\t\t<\/div>\n\t\t\t\t\t\t\t\t<\/div>\n\t\t\t\t<\/div>\n\t\t\t\t<\/div>\n\t\t\t\t\t<\/div>\n\t\t\t\t<\/div>\n\t\t<div class=\"elementor-element elementor-element-06c87a1 e-flex e-con-boxed e-con e-parent\" data-id=\"06c87a1\" data-element_type=\"container\">\n\t\t\t\t\t<div class=\"e-con-inner\">\n\t\t<div class=\"elementor-element elementor-element-5908fd7 e-con-full e-flex e-con e-child\" data-id=\"5908fd7\" data-element_type=\"container\">\n\t\t<div class=\"elementor-element elementor-element-4d52402 e-con-full e-flex e-con e-child\" data-id=\"4d52402\" data-element_type=\"container\">\n\t\t\t\t<div class=\"elementor-element elementor-element-48f92cb elementor-widget elementor-widget-heading\" data-id=\"48f92cb\" data-element_type=\"widget\" data-widget_type=\"heading.default\">\n\t\t\t\t<div class=\"elementor-widget-container\">\n\t\t\t\t\t<h2 class=\"elementor-heading-title elementor-size-default\">\u00bfPor qu\u00e9 participar?<\/h2>\t\t\t\t<\/div>\n\t\t\t\t<\/div>\n\t\t\t\t<\/div>\n\t\t\t\t<\/div>\n\t\t<div class=\"elementor-element elementor-element-dfbb1c3 e-con-full e-grid e-con e-child\" data-id=\"dfbb1c3\" data-element_type=\"container\">\n\t\t\t\t<div class=\"elementor-element elementor-element-0a7678b elementor-widget elementor-widget-text-editor\" data-id=\"0a7678b\" data-element_type=\"widget\" data-widget_type=\"text-editor.default\">\n\t\t\t\t<div class=\"elementor-widget-container\">\n\t\t\t\t\t\t\t\t\t<p>Acceso a mentor\u00eda de expertos en seguros y tecnolog\u00eda.<\/p>\t\t\t\t\t\t\t\t<\/div>\n\t\t\t\t<\/div>\n\t\t\t\t<div class=\"elementor-element elementor-element-efc4adc elementor-widget elementor-widget-text-editor\" data-id=\"efc4adc\" data-element_type=\"widget\" data-widget_type=\"text-editor.default\">\n\t\t\t\t<div class=\"elementor-widget-container\">\n\t\t\t\t\t\t\t\t\t<p>Premio en efectivo y acceso a servicios exclusivos.<\/p>\t\t\t\t\t\t\t\t<\/div>\n\t\t\t\t<\/div>\n\t\t\t\t<div class=\"elementor-element elementor-element-e93dec5 elementor-widget elementor-widget-text-editor\" data-id=\"e93dec5\" data-element_type=\"widget\" data-widget_type=\"text-editor.default\">\n\t\t\t\t<div class=\"elementor-widget-container\">\n\t\t\t\t\t\t\t\t\t<p>Networking con actores clave del ecosistema InsurTech.<\/p>\t\t\t\t\t\t\t\t<\/div>\n\t\t\t\t<\/div>\n\t\t\t\t<div class=\"elementor-element elementor-element-faa3aa3 elementor-widget elementor-widget-text-editor\" data-id=\"faa3aa3\" data-element_type=\"widget\" data-widget_type=\"text-editor.default\">\n\t\t\t\t<div class=\"elementor-widget-container\">\n\t\t\t\t\t\t\t\t\t<p>Visibilidad ante aseguradoras l\u00edderes y venture capital.<\/p>\t\t\t\t\t\t\t\t<\/div>\n\t\t\t\t<\/div>\n\t\t\t\t<div class=\"elementor-element elementor-element-60e6eb3 elementor-widget elementor-widget-text-editor\" data-id=\"60e6eb3\" data-element_type=\"widget\" data-widget_type=\"text-editor.default\">\n\t\t\t\t<div class=\"elementor-widget-container\">\n\t\t\t\t\t\t\t\t\t<p>Acceso a medios y redes estrat\u00e9gicas.<\/p>\t\t\t\t\t\t\t\t<\/div>\n\t\t\t\t<\/div>\n\t\t\t\t<\/div>\n\t\t\t\t\t<\/div>\n\t\t\t\t<\/div>\n\t\t<div class=\"elementor-element elementor-element-b92e396 e-flex e-con-boxed e-con e-parent\" data-id=\"b92e396\" data-element_type=\"container\" data-settings=\"{&quot;background_background&quot;:&quot;classic&quot;}\">\n\t\t\t\t\t<div class=\"e-con-inner\">\n\t\t\t\t<div class=\"elementor-element elementor-element-78e5d0b elementor-widget elementor-widget-image\" data-id=\"78e5d0b\" data-element_type=\"widget\" data-widget_type=\"image.default\">\n\t\t\t\t<div class=\"elementor-widget-container\">\n\t\t\t\t\t\t\t\t\t\t\t\t\t\t\t<img fetchpriority=\"high\" decoding=\"async\" width=\"800\" height=\"800\" src=\"https:\/\/insurtechgt.com\/wp-content\/uploads\/2025\/03\/imagen-seccio\u2560un-Premios.jpg\" class=\"attachment-large size-large wp-image-234\" alt=\"\" srcset=\"https:\/\/insurtechgt.com\/wp-content\/uploads\/2025\/03\/imagen-seccio\u2560un-Premios.jpg 1024w, https:\/\/insurtechgt.com\/wp-content\/uploads\/2025\/03\/imagen-seccio\u2560un-Premios-300x300.jpg 300w, https:\/\/insurtechgt.com\/wp-content\/uploads\/2025\/03\/imagen-seccio\u2560un-Premios-150x150.jpg 150w, https:\/\/insurtechgt.com\/wp-content\/uploads\/2025\/03\/imagen-seccio\u2560un-Premios-768x768.jpg 768w\" sizes=\"(max-width: 800px) 100vw, 800px\" \/>\t\t\t\t\t\t\t\t\t\t\t\t\t\t\t<\/div>\n\t\t\t\t<\/div>\n\t\t<div class=\"elementor-element elementor-element-6c0e88f0 e-con-full e-flex e-con e-child\" data-id=\"6c0e88f0\" data-element_type=\"container\">\n\t\t\t\t<div class=\"elementor-element elementor-element-3be1f48 elementor-widget elementor-widget-heading\" data-id=\"3be1f48\" data-element_type=\"widget\" data-widget_type=\"heading.default\">\n\t\t\t\t<div class=\"elementor-widget-container\">\n\t\t\t\t\t<h2 class=\"elementor-heading-title elementor-size-default\">Premios<\/h2>\t\t\t\t<\/div>\n\t\t\t\t<\/div>\n\t\t\t\t<div class=\"elementor-element elementor-element-b6d866d elementor-widget elementor-widget-text-editor\" data-id=\"b6d866d\" data-element_type=\"widget\" data-widget_type=\"text-editor.default\">\n\t\t\t\t<div class=\"elementor-widget-container\">\n\t\t\t\t\t\t\t\t\t<ul><li><strong>Exposici\u00f3n internacional<\/strong>, con fuerte \u00e9nfasis en EE.UU., aprovechando la red de InsurTech Israel.<\/li><li>\u00a0<\/li><li><strong><strong>Mentor\u00eda de alto nivel:<\/strong><\/strong><strong><strong><br \/><\/strong><\/strong><\/li><li>\u00a0<\/li><li>&#8211; 1er lugar: 9 horas de mentor\u00eda ($3,150 en valor)<\/li><li>\u00a0<\/li><li>&#8211; 2do lugar: 6 horas de mentor\u00eda ($2,100 en valor)<\/li><li>\u00a0<\/li><li>&#8211; 3er lugar: 3 horas de mentor\u00eda ($1,050 en valor)<\/li><li>\u00a0<\/li><li><strong>Cr\u00e9ditos en la nube<\/strong> (Amazon, Google Cloud o Microsoft) y horas de oficina con expertos, traducidos en un valor econ\u00f3mico adicional.<\/li><\/ul>\t\t\t\t\t\t\t\t<\/div>\n\t\t\t\t<\/div>\n\t\t\t\t<\/div>\n\t\t\t\t\t<\/div>\n\t\t\t\t<\/div>\n\t\t<div class=\"elementor-element elementor-element-5eb29667 e-flex e-con-boxed e-con e-parent\" data-id=\"5eb29667\" data-element_type=\"container\">\n\t\t\t\t\t<div class=\"e-con-inner\">\n\t\t<div class=\"elementor-element elementor-element-0687db6 e-con-full e-flex e-con e-child\" data-id=\"0687db6\" data-element_type=\"container\">\n\t\t\t\t<div class=\"elementor-element elementor-element-92f253f animated-slow elementor-invisible elementor-widget elementor-widget-heading\" data-id=\"92f253f\" data-element_type=\"widget\" data-settings=\"{&quot;_animation&quot;:&quot;fadeInUp&quot;}\" data-widget_type=\"heading.default\">\n\t\t\t\t<div class=\"elementor-widget-container\">\n\t\t\t\t\t<h3 class=\"elementor-heading-title elementor-size-default\">\u00bfQu\u00e9 es el InsurTech Hub Guatemala?<\/h3>\t\t\t\t<\/div>\n\t\t\t\t<\/div>\n\t\t<div class=\"elementor-element elementor-element-a2d9870 e-grid e-con-full e-con e-child\" data-id=\"a2d9870\" data-element_type=\"container\">\n\t\t\t\t<div class=\"elementor-element elementor-element-7ca80a5 elementor-widget elementor-widget-image\" data-id=\"7ca80a5\" data-element_type=\"widget\" data-widget_type=\"image.default\">\n\t\t\t\t<div class=\"elementor-widget-container\">\n\t\t\t\t\t\t\t\t\t\t\t\t\t\t\t<img decoding=\"async\" width=\"1024\" height=\"1024\" src=\"https:\/\/insurtechgt.com\/wp-content\/uploads\/2025\/03\/imagen-seccio\u2560un-QUIENES-SOMOS.jpg\" class=\"attachment-full size-full wp-image-233\" alt=\"\" srcset=\"https:\/\/insurtechgt.com\/wp-content\/uploads\/2025\/03\/imagen-seccio\u2560un-QUIENES-SOMOS.jpg 1024w, https:\/\/insurtechgt.com\/wp-content\/uploads\/2025\/03\/imagen-seccio\u2560un-QUIENES-SOMOS-300x300.jpg 300w, https:\/\/insurtechgt.com\/wp-content\/uploads\/2025\/03\/imagen-seccio\u2560un-QUIENES-SOMOS-150x150.jpg 150w, https:\/\/insurtechgt.com\/wp-content\/uploads\/2025\/03\/imagen-seccio\u2560un-QUIENES-SOMOS-768x768.jpg 768w\" sizes=\"(max-width: 1024px) 100vw, 1024px\" \/>\t\t\t\t\t\t\t\t\t\t\t\t\t\t\t<\/div>\n\t\t\t\t<\/div>\n\t\t\t\t<div class=\"elementor-element elementor-element-b2f9b47 elementor-widget elementor-widget-text-editor\" data-id=\"b2f9b47\" data-element_type=\"widget\" data-widget_type=\"text-editor.default\">\n\t\t\t\t<div class=\"elementor-widget-container\">\n\t\t\t\t\t\t\t\t\t<p>InsurTech Hub Guatemala, impulsado por InsurTech Israel, es un espacio que fomenta la innovaci\u00f3n y el crecimiento en la industria aseguradora en Guatemala. Con el respaldo y la experiencia del ecosistema InsurTech israel\u00ed, buscamos los proyectos m\u00e1s disruptivos en InsurTech para conectarlos con inversores, aseguradoras y expertos del sector.<\/p><h5><strong>\u00bfQu\u00e9 ofrecemos?<\/strong><\/h5><ul><li><strong>Inversi\u00f3n:<\/strong> Financiamiento para startups guatemaltecas con alto potencial.<\/li><li><strong>Programa de Aceleraci\u00f3n:<\/strong> Mentor\u00eda especializada y alianzas estrat\u00e9gicas.<\/li><li><strong>Hub de Desarrollo Empresarial:<\/strong> Colaboraci\u00f3n con aseguradoras y fondos de inversi\u00f3n.<\/li><li><strong>Alcance Global:<\/strong> Eventos para posicionar a Guatemala en el mapa InsurTech.<\/li><\/ul>\t\t\t\t\t\t\t\t<\/div>\n\t\t\t\t<\/div>\n\t\t\t\t<\/div>\n\t\t\t\t<\/div>\n\t\t\t\t\t<\/div>\n\t\t\t\t<\/div>\n\t\t<div class=\"elementor-element elementor-element-62d26f6 e-flex e-con-boxed e-con e-parent\" data-id=\"62d26f6\" data-element_type=\"container\">\n\t\t\t\t\t<div class=\"e-con-inner\">\n\t\t<div class=\"elementor-element elementor-element-9e65335 e-con-full e-flex e-con e-child\" data-id=\"9e65335\" data-element_type=\"container\">\n\t\t<div class=\"elementor-element elementor-element-584c294 e-grid e-con-full e-con e-child\" data-id=\"584c294\" data-element_type=\"container\">\n\t\t\t\t<div class=\"elementor-element elementor-element-d968788 elementor-widget elementor-widget-text-editor\" data-id=\"d968788\" data-element_type=\"widget\" data-widget_type=\"text-editor.default\">\n\t\t\t\t<div class=\"elementor-widget-container\">\n\t\t\t\t\t\t\t\t\t<h4><strong>Misi\u00f3n<\/strong><\/h4><p>Impulsar la transformaci\u00f3n digital en la industria aseguradora de Guatemala y Latinoam\u00e9rica, conectando startups innovadoras con inversionistas, aseguradoras y expertos globales. A trav\u00e9s de mentor\u00eda, financiamiento y redes estrat\u00e9gicas, buscamos acelerar soluciones tecnol\u00f3gicas que redefinan el futuro de los seguros.<\/p>\t\t\t\t\t\t\t\t<\/div>\n\t\t\t\t<\/div>\n\t\t\t\t<div class=\"elementor-element elementor-element-c65a7ca elementor-widget elementor-widget-text-editor\" data-id=\"c65a7ca\" data-element_type=\"widget\" data-widget_type=\"text-editor.default\">\n\t\t\t\t<div class=\"elementor-widget-container\">\n\t\t\t\t\t\t\t\t\t<h4><strong>Visi\u00f3n<\/strong><\/h4><p>Ser el principal ecosistema InsurTech de la regi\u00f3n, posicionando a Guatemala como un hub de innovaci\u00f3n en seguros y tecnolog\u00eda. Aspiramos a generar un impacto sostenible en el sector, promoviendo el crecimiento de startups disruptivas y fomentando la digitalizaci\u00f3n en la industria aseguradora.<\/p>\t\t\t\t\t\t\t\t<\/div>\n\t\t\t\t<\/div>\n\t\t\t\t<div class=\"elementor-element elementor-element-ddd4e32 elementor-widget elementor-widget-text-editor\" data-id=\"ddd4e32\" data-element_type=\"widget\" data-widget_type=\"text-editor.default\">\n\t\t\t\t<div class=\"elementor-widget-container\">\n\t\t\t\t\t\t\t\t\t<h4><strong>Valores<\/strong><\/h4><ul><li><strong>Innovaci\u00f3n<\/strong> \u2013 Transformamos la industria aseguradora con tecnolog\u00eda.<\/li><li><strong>Colaboraci\u00f3n<\/strong> \u2013 Conectamos startups, aseguradoras e inversionistas.<\/li><li><strong>Impacto<\/strong> \u2013 Impulsamos soluciones que mejoran el acceso y eficiencia del sector.<\/li><li><strong>Transparencia<\/strong> \u2013 Operamos con \u00e9tica y confianza en cada alianza.<\/li><li><strong>Crecimiento<\/strong> \u2013 Fomentamos el desarrollo y escalabilidad de startups.<\/li><\/ul>\t\t\t\t\t\t\t\t<\/div>\n\t\t\t\t<\/div>\n\t\t\t\t<\/div>\n\t\t\t\t<\/div>\n\t\t\t\t\t<\/div>\n\t\t\t\t<\/div>\n\t\t<div class=\"elementor-element elementor-element-43b40de e-flex e-con-boxed e-con e-parent\" data-id=\"43b40de\" data-element_type=\"container\" data-settings=\"{&quot;background_background&quot;:&quot;classic&quot;}\">\n\t\t\t\t\t<div class=\"e-con-inner\">\n\t\t<div class=\"elementor-element elementor-element-924359d e-con-full e-flex e-con e-child\" data-id=\"924359d\" data-element_type=\"container\">\n\t\t\t\t<div class=\"elementor-element elementor-element-cfadf0c elementor-widget elementor-widget-menu-anchor\" data-id=\"cfadf0c\" data-element_type=\"widget\" data-widget_type=\"menu-anchor.default\">\n\t\t\t\t<div class=\"elementor-widget-container\">\n\t\t\t\t\t\t\t<div class=\"elementor-menu-anchor\" id=\"formulario\"><\/div>\n\t\t\t\t\t\t<\/div>\n\t\t\t\t<\/div>\n\t\t\t\t<div class=\"elementor-element elementor-element-600d30c2 animated-slow elementor-invisible elementor-widget elementor-widget-heading\" data-id=\"600d30c2\" data-element_type=\"widget\" data-settings=\"{&quot;_animation&quot;:&quot;fadeInUp&quot;}\" data-widget_type=\"heading.default\">\n\t\t\t\t<div class=\"elementor-widget-container\">\n\t\t\t\t\t<h3 class=\"elementor-heading-title elementor-size-default\">InsurTech Guatemala Pitch Competition 2025 <\/h3>\t\t\t\t<\/div>\n\t\t\t\t<\/div>\n\t\t<div class=\"elementor-element elementor-element-4fa35c2 e-grid e-con-full e-con e-child\" data-id=\"4fa35c2\" data-element_type=\"container\">\n\t\t\t\t<div class=\"elementor-element elementor-element-ad1a04b elementor-widget elementor-widget-text-editor\" data-id=\"ad1a04b\" data-element_type=\"widget\" data-widget_type=\"text-editor.default\">\n\t\t\t\t<div class=\"elementor-widget-container\">\n\t\t\t\t\t\t\t\t\t<p><strong>Innovaci\u00f3n, tecnolog\u00eda y el futuro de los seguros en Guatemala.<\/strong><\/p><p>El <strong>InsurTech Guatemala Pitch Competition 2025<\/strong> marca la apertura oficial del nuevo <strong>hub de innovaci\u00f3n InsurTech<\/strong> en Guatemala. Este evento reunir\u00e1 a startups locales que presentar\u00e1n soluciones tecnol\u00f3gicas para transformar el sector asegurador. Una oportunidad \u00fanica para conectar, aprender y ser parte del cambio.<\/p><p><strong><em>\u00bfQu\u00e9 puedes esperar?<\/em><\/strong><\/p><p>\ud83d\udd39 Pitches en vivo de startups InsurTech<br \/>\ud83d\udd39 Panel de expertos y aliados estrat\u00e9gicos<br \/>\ud83d\udd39 Oportunidades de networking de alto valor<br \/>\ud83d\udd39 Conexi\u00f3n con l\u00edderes del ecosistema asegurador y tecnol\u00f3gico<br \/>\ud83d\udd39 Presentaci\u00f3n del nuevo InsurTech Hub en Guatemala<\/p><div><p><strong><em>Detalles del evento<\/em><\/strong><\/p><p><strong>Fecha:<\/strong> Jueves, 8 de mayo de 2025<br \/><strong>Hora:<\/strong> 6:00 p.m. a 7:30 p.m. + C\u00f3ctel de networking<\/p><p><strong>Lugar:<\/strong> Auditorio Milton Friedman, Universidad Francisco Marroqu\u00edn<\/p><\/div><div>\u00a0<\/div>\t\t\t\t\t\t\t\t<\/div>\n\t\t\t\t<\/div>\n\t\t\t\t<div class=\"elementor-element elementor-element-f2ce6c9 elementor-widget elementor-widget-image\" data-id=\"f2ce6c9\" data-element_type=\"widget\" data-widget_type=\"image.default\">\n\t\t\t\t<div class=\"elementor-widget-container\">\n\t\t\t\t\t\t\t\t\t\t\t\t\t\t\t<img decoding=\"async\" width=\"768\" height=\"1152\" src=\"https:\/\/insurtechgt.com\/wp-content\/uploads\/2025\/04\/evento-insurtech-2.png\" class=\"attachment-medium_large size-medium_large wp-image-391\" alt=\"\" srcset=\"https:\/\/insurtechgt.com\/wp-content\/uploads\/2025\/04\/evento-insurtech-2.png 1024w, https:\/\/insurtechgt.com\/wp-content\/uploads\/2025\/04\/evento-insurtech-2-200x300.png 200w\" sizes=\"(max-width: 768px) 100vw, 768px\" \/>\t\t\t\t\t\t\t\t\t\t\t\t\t\t\t<\/div>\n\t\t\t\t<\/div>\n\t\t\t\t<\/div>\n\t\t<div class=\"elementor-element elementor-element-6cf5cc3 e-con-full e-flex e-con e-child\" data-id=\"6cf5cc3\" data-element_type=\"container\">\n\t\t\t\t<div class=\"elementor-element elementor-element-930256d elementor-align-center elementor-widget elementor-widget-button\" data-id=\"930256d\" data-element_type=\"widget\" data-widget_type=\"button.default\">\n\t\t\t\t<div class=\"elementor-widget-container\">\n\t\t\t\t\t\t\t\t\t<div class=\"elementor-button-wrapper\">\n\t\t\t\t\t<a class=\"elementor-button elementor-button-link elementor-size-sm elementor-animation-float\" href=\"https:\/\/forms.gle\/KKwHHLGtMLM3ViFF6\" target=\"_blank\">\n\t\t\t\t\t\t<span class=\"elementor-button-content-wrapper\">\n\t\t\t\t\t\t<span class=\"elementor-button-icon\">\n\t\t\t\t<i aria-hidden=\"true\" class=\"rtmicon-thin rtmicon-square-arrow-right\"><\/i>\t\t\t<\/span>\n\t\t\t\t\t\t\t\t\t<span class=\"elementor-button-text\">Registrate aqu\u00ed<\/span>\n\t\t\t\t\t<\/span>\n\t\t\t\t\t<\/a>\n\t\t\t\t<\/div>\n\t\t\t\t\t\t\t\t<\/div>\n\t\t\t\t<\/div>\n\t\t\t\t<\/div>\n\t\t\t\t<\/div>\n\t\t\t\t\t<\/div>\n\t\t\t\t<\/div>\n\t\t<div class=\"elementor-element elementor-element-1a0ce6f e-flex e-con-boxed e-con e-parent\" data-id=\"1a0ce6f\" data-element_type=\"container\">\n\t\t\t\t\t<div class=\"e-con-inner\">\n\t\t<div class=\"elementor-element elementor-element-8e0e288 e-con-full e-flex e-con e-child\" data-id=\"8e0e288\" data-element_type=\"container\">\n\t\t<div class=\"elementor-element elementor-element-97602fa e-con-full e-flex e-con e-child\" data-id=\"97602fa\" data-element_type=\"container\">\n\t\t<div class=\"elementor-element elementor-element-76f8ba8 e-con-full e-flex e-con e-child\" data-id=\"76f8ba8\" data-element_type=\"container\">\n\t\t<div class=\"elementor-element elementor-element-abd3c97 e-grid e-con-full e-con e-child\" data-id=\"abd3c97\" data-element_type=\"container\">\n\t\t\t\t<div class=\"elementor-element elementor-element-9c37ce4 elementor-widget elementor-widget-site-logo\" data-id=\"9c37ce4\" data-element_type=\"widget\" data-widget_type=\"site-logo.default\">\n\t\t\t\t<div class=\"elementor-widget-container\">\n\t\t\t\t\t        <div class=\"rkit-image-container\">\n            <a class=\"rkit-image\"  style=\"text-decoration: none; border-bottom:none\">\n                <img loading=\"lazy\" decoding=\"async\" width=\"300\" height=\"104\" src=\"https:\/\/insurtechgt.com\/wp-content\/uploads\/2025\/03\/Logo-InsureTech_Mesa-de-trabajo-1-copia-2-1-300x104.png\" class=\"attachment-medium size-medium wp-image-156\" alt=\"\" srcset=\"https:\/\/insurtechgt.com\/wp-content\/uploads\/2025\/03\/Logo-InsureTech_Mesa-de-trabajo-1-copia-2-1-300x104.png 300w, https:\/\/insurtechgt.com\/wp-content\/uploads\/2025\/03\/Logo-InsureTech_Mesa-de-trabajo-1-copia-2-1-1024x357.png 1024w, https:\/\/insurtechgt.com\/wp-content\/uploads\/2025\/03\/Logo-InsureTech_Mesa-de-trabajo-1-copia-2-1-768x268.png 768w, https:\/\/insurtechgt.com\/wp-content\/uploads\/2025\/03\/Logo-InsureTech_Mesa-de-trabajo-1-copia-2-1-1536x535.png 1536w, https:\/\/insurtechgt.com\/wp-content\/uploads\/2025\/03\/Logo-InsureTech_Mesa-de-trabajo-1-copia-2-1-2048x713.png 2048w\" sizes=\"(max-width: 300px) 100vw, 300px\" \/>                                <div class=\"site-caption\"> <\/div>\n                            <\/a>\n        <\/div>\n\t\t\t\t<\/div>\n\t\t\t\t<\/div>\n\t\t\t\t<div class=\"elementor-element elementor-element-ecfb782 elementor-widget elementor-widget-text-editor\" data-id=\"ecfb782\" data-element_type=\"widget\" data-widget_type=\"text-editor.default\">\n\t\t\t\t<div class=\"elementor-widget-container\">\n\t\t\t\t\t\t\t\t\t<h5>Contacto<\/h5><p><a href=\"mailto:Info@insurtechgt.com\">\u2709\ufe0f Info@insurtechgt.com<\/a><\/p><p>\ud83d\udd17 <a href=\"https:\/\/www.linkedin.com\/company\/insurtech-guatemala-hub\/\" target=\"_blank\" rel=\"noopener\">LinkedIn<\/a><\/p><p>\u00a0\ud83d\udd17 <a href=\"http:\/\/insurtechgt.com\/wp-content\/uploads\/2025\/03\/Guidelines-Competencia-Insurtech.pdf\" target=\"_blank\" rel=\"noopener\">Reglas del Challenge<\/a><\/p><h5>Powered by:<\/h5><p>\u00a0\ud83d\udd17 <a href=\"https:\/\/insurtechil.com\/\" target=\"_blank\" rel=\"noopener\">InsurTech Israel<\/a><\/p>\t\t\t\t\t\t\t\t<\/div>\n\t\t\t\t<\/div>\n\t\t\t\t<\/div>\n\t\t\t\t<\/div>\n\t\t\t\t<\/div>\n\t\t\t\t<\/div>\n\t\t\t\t\t<\/div>\n\t\t\t\t<\/div>\n\t\t\t\t<\/div>\n\t\t","protected":false},"excerpt":{"rendered":"<p>Impulsando el Futuro del InsurTech en Guatemala Somos l\u00edderes en innovaci\u00f3n aseguradora, conectando startups locales con inversores y oportunidades estrat\u00e9gicas en Guatemala. InsurTech Startup Competition \u00bfTienes una soluci\u00f3n innovadora y tecnol\u00f3gica para revolucionar la industria aseguradora?\u00a1Post\u00falate ahora y lleva tu startup al siguiente nivel! M\u00e1s informaci\u00f3n \u00bfPor qu\u00e9 participar? Acceso a mentor\u00eda de expertos en [&hellip;]<\/p>\n","protected":false},"author":1,"featured_media":0,"parent":0,"menu_order":0,"comment_status":"closed","ping_status":"closed","template":"","meta":{"footnotes":""},"class_list":["post-321","page","type-page","status-publish","hentry"],"_links":{"self":[{"href":"https:\/\/insurtechgt.com\/index.php\/wp-json\/wp\/v2\/pages\/321","targetHints":{"allow":["GET"]}}],"collection":[{"href":"https:\/\/insurtechgt.com\/index.php\/wp-json\/wp\/v2\/pages"}],"about":[{"href":"https:\/\/insurtechgt.com\/index.php\/wp-json\/wp\/v2\/types\/page"}],"author":[{"embeddable":true,"href":"https:\/\/insurtechgt.com\/index.php\/wp-json\/wp\/v2\/users\/1"}],"replies":[{"embeddable":true,"href":"https:\/\/insurtechgt.com\/index.php\/wp-json\/wp\/v2\/comments?post=321"}],"version-history":[{"count":84,"href":"https:\/\/insurtechgt.com\/index.php\/wp-json\/wp\/v2\/pages\/321\/revisions"}],"predecessor-version":[{"id":420,"href":"https:\/\/insurtechgt.com\/index.php\/wp-json\/wp\/v2\/pages\/321\/revisions\/420"}],"wp:attachment":[{"href":"https:\/\/insurtechgt.com\/index.php\/wp-json\/wp\/v2\/media?parent=321"}],"curies":[{"name":"wp","href":"https:\/\/api.w.org\/{rel}","templated":true}]}}